{"id":1165,"date":"2025-04-09T14:49:53","date_gmt":"2025-04-09T14:49:53","guid":{"rendered":"https:\/\/pele-bike.ch\/?page_id=1165"},"modified":"2025-06-04T17:35:45","modified_gmt":"2025-06-04T17:35:45","slug":"1165-2","status":"publish","type":"page","link":"https:\/\/pele-bike.ch\/?page_id=1165","title":{"rendered":"Finanzierung mit HeyLight"},"content":{"rendered":"\n<p><\/p>\n\n\n\n<p class=\"has-text-align-center\"><strong>Sie sehen etwas, das Ihnen gef\u00e4llt, und wissen: Das will ich. Wir kennen dieses Gef\u00fchl sehr gut. Und darum haben wir HeyLight entwickelt. Mit HeyLight stellen wir Ihre W\u00fcnsche in den Mittelpunkt: Kaufen Sie sofort und bezahlen Sie sp\u00e4ter in Raten \u2013 ganz so, wie es Ihnen am besten passt.<\/strong><\/p>\n\n\n\n<p class=\"has-text-align-center\"><strong>HeyLight AG bietet ihren Kunden die M\u00f6glichkeit, Waren und Dienstleistungen bei Verk\u00e4ufern oder H\u00e4ndlern zu erwerben und diese \u00fcber einen Konsumkredit zu finanzieren. Kreditgeberin ist die HeyLight AG. Die Kreditvergabe ist verboten, wenn sie zu einer \u00dcberschuldung des Konsumenten f\u00fchrt.<\/strong><\/p>\n\n\n\n<p class=\"has-text-align-center\"><strong>Sie zahlen einen kleinen Betrag auf einmal und w\u00e4hlen, in wie viele Monate Sie den Betrag aufteilen m\u00f6chten. Sie haben die M\u00f6glichkeit ab 3 Raten bis zu 36 Raten zu w\u00e4hlen.<\/strong><\/p>\n\n\n\n<p><mark style=\"background-color:rgba(0, 0, 0, 0)\" class=\"has-inline-color has-white-color\">djdjd<\/mark><\/p>\n\n\n\n<p><mark style=\"background-color:rgba(0, 0, 0, 0)\" class=\"has-inline-color has-white-color\">djdjd<\/mark><\/p>\n\n\n<div class=\"wp-block-image\">\n<figure class=\"aligncenter size-full is-resized\"><a href=\"https:\/\/heylight.com\/ch\/de\/kaufer\"><img loading=\"lazy\" decoding=\"async\" width=\"459\" height=\"110\" src=\"https:\/\/pele-bike.ch\/wp-content\/uploads\/2025\/04\/download.png\" alt=\"\" class=\"wp-image-1176\" style=\"width:459px;height:auto\" srcset=\"https:\/\/pele-bike.ch\/wp-content\/uploads\/2025\/04\/download.png 459w, https:\/\/pele-bike.ch\/wp-content\/uploads\/2025\/04\/download-300x72.png 300w\" sizes=\"auto, (max-width: 459px) 100vw, 459px\" \/><\/a><\/figure>\n<\/div>\n\n\n<p class=\"has-text-align-center\">Bei uns im Gesch\u00e4ft m\u00f6glich, kommen sie gerne vorbei und lassen sie sich beraten.<\/p>\n","protected":false},"excerpt":{"rendered":"<p class=\"excerpt\">Sie sehen etwas, das Ihnen gef\u00e4llt, und wissen: Das will ich. Wir kennen dieses Gef\u00fchl sehr gut. Und darum haben wir HeyLight entwickelt. Mit HeyLight stellen wir Ihre W\u00fcnsche in den Mittelpunkt: Kaufen Sie sofort und bezahlen Sie sp\u00e4ter in Raten \u2013 ganz so, wie es Ihnen am besten passt. HeyLight AG bietet ihren Kunden die M\u00f6glichkeit, Waren und Dienstleistungen&hellip; <a href=\"https:\/\/pele-bike.ch\/?page_id=1165\">Read more &rarr;<\/a><\/p>\n","protected":false},"author":3,"featured_media":0,"parent":0,"menu_order":0,"comment_status":"closed","ping_status":"closed","template":"","meta":{"footnotes":""},"class_list":["post-1165","page","type-page","status-publish","hentry","xfolkentry"],"_links":{"self":[{"href":"https:\/\/pele-bike.ch\/index.php?rest_route=\/wp\/v2\/pages\/1165","targetHints":{"allow":["GET"]}}],"collection":[{"href":"https:\/\/pele-bike.ch\/index.php?rest_route=\/wp\/v2\/pages"}],"about":[{"href":"https:\/\/pele-bike.ch\/index.php?rest_route=\/wp\/v2\/types\/page"}],"author":[{"embeddable":true,"href":"https:\/\/pele-bike.ch\/index.php?rest_route=\/wp\/v2\/users\/3"}],"replies":[{"embeddable":true,"href":"https:\/\/pele-bike.ch\/index.php?rest_route=%2Fwp%2Fv2%2Fcomments&post=1165"}],"version-history":[{"count":18,"href":"https:\/\/pele-bike.ch\/index.php?rest_route=\/wp\/v2\/pages\/1165\/revisions"}],"predecessor-version":[{"id":1226,"href":"https:\/\/pele-bike.ch\/index.php?rest_route=\/wp\/v2\/pages\/1165\/revisions\/1226"}],"wp:attachment":[{"href":"https:\/\/pele-bike.ch\/index.php?rest_route=%2Fwp%2Fv2%2Fmedia&parent=1165"}],"curies":[{"name":"wp","href":"https:\/\/api.w.org\/{rel}","templated":true}]}}