{"id":2,"date":"2015-02-13T08:45:41","date_gmt":"2015-02-13T08:45:41","guid":{"rendered":"http:\/\/pelebike.cyon.link\/pelebike\/?page_id=2"},"modified":"2025-11-28T09:09:54","modified_gmt":"2025-11-28T09:09:54","slug":"about","status":"publish","type":"page","link":"https:\/\/pele-bike.ch\/?page_id=2","title":{"rendered":"\u00dcber uns"},"content":{"rendered":"\n<p><\/p>\n\n\n\n<p><\/p>\n\n\n\n<p class=\"has-text-align-center\">Bei uns findest du eine vielf\u00e4ltige Auswahl an E-Bikes f\u00fcr jeden Einsatzbereich. Ebenso f\u00fchren wir im Sortiment sportliche MTB`s und Gravelbikes, komfortable Tourenr\u00e4der und hochwertige Kinderr\u00e4der \u2013 f\u00fcr jedes Bed\u00fcrfnis das passende Velo.<\/p>\n\n\n\n<p class=\"has-text-align-center\">Neben hochwertigen Fahrr\u00e4dern f\u00fchren wir auch eine gro\u00dfe Auswahl an praktischen Kinderanh\u00e4ngern von Thule und Croozer, stabilen Fahrradtr\u00e4gern, Helmen und weiterem Zubeh\u00f6r \u2013 alles rund ums Fahrrad.<\/p>\n\n\n\n<p class=\"has-text-align-center\">Wir f\u00fchren auch Reparaturen an s\u00e4mtlichen Fahrrad- und E-Bike-Modellen durch \u2013 unabh\u00e4ngig von Hersteller oder Bauart. F\u00fcr E-Bike-Antriebssysteme der Marken Bosch, Shimano, Mahle und TQ bieten wir zudem Problemdiagnosen, Firmware-Updates sowie fachgerechte Wartungs- und Reparaturarbeiten gem\u00e4ss den Herstellerspezifikationen an.<\/p>\n\n\n\n<p class=\"has-text-align-center\"><strong>Seit 1989 sind wir euer zuverl\u00e4ssiger Zweiradexperte in der Region \u2013 mittlerweile in zweiter Generation \u2013 und stehen euch mit unserer langj\u00e4hrigen Erfahrung stets zur Seite<\/strong><\/p>\n\n\n\n<p class=\"has-text-align-center\">Ebenfalls sind wir Mitglied im Zweiradverband Schweiz und bilden junge Fahrradmechaniker\/-innen EFZ aus. Zudem ist Dennis neu als Pr\u00fcfungsexperte bei den Abschlusspr\u00fcfungen t\u00e4tig und engagiert sich auch dort f\u00fcr den Berufsnachwuchs der n\u00e4chsten Generationen.<\/p>\n\n\n\n<figure class=\"wp-block-gallery has-nested-images columns-default is-cropped wp-block-gallery-1 is-layout-flex wp-block-gallery-is-layout-flex\">\n<figure class=\"wp-block-image size-large\"><img loading=\"lazy\" decoding=\"async\" width=\"1024\" height=\"768\" data-id=\"811\" src=\"https:\/\/pele-bike.ch\/wp-content\/uploads\/2021\/03\/IMG_20210301_090544-1024x768.jpg\" alt=\"\" class=\"wp-image-811\" srcset=\"https:\/\/pele-bike.ch\/wp-content\/uploads\/2021\/03\/IMG_20210301_090544-1024x768.jpg 1024w, https:\/\/pele-bike.ch\/wp-content\/uploads\/2021\/03\/IMG_20210301_090544-300x225.jpg 300w, https:\/\/pele-bike.ch\/wp-content\/uploads\/2021\/03\/IMG_20210301_090544-768x576.jpg 768w, https:\/\/pele-bike.ch\/wp-content\/uploads\/2021\/03\/IMG_20210301_090544-1536x1152.jpg 1536w, https:\/\/pele-bike.ch\/wp-content\/uploads\/2021\/03\/IMG_20210301_090544-2048x1536.jpg 2048w\" sizes=\"auto, (max-width: 1024px) 100vw, 1024px\" \/><\/figure>\n\n\n\n<figure class=\"wp-block-image size-large\"><img loading=\"lazy\" decoding=\"async\" width=\"1024\" height=\"576\" data-id=\"465\" src=\"https:\/\/pele-bike.ch\/wp-content\/uploads\/2019\/03\/IMG_0004-1024x576.jpg\" alt=\"\" class=\"wp-image-465\" srcset=\"https:\/\/pele-bike.ch\/wp-content\/uploads\/2019\/03\/IMG_0004-1024x576.jpg 1024w, https:\/\/pele-bike.ch\/wp-content\/uploads\/2019\/03\/IMG_0004-300x169.jpg 300w, https:\/\/pele-bike.ch\/wp-content\/uploads\/2019\/03\/IMG_0004-768x432.jpg 768w\" sizes=\"auto, (max-width: 1024px) 100vw, 1024px\" \/><figcaption class=\"wp-element-caption\"><strong>Dennis und Peter Thurnheer<\/strong><\/figcaption><\/figure>\n\n\n\n<figure class=\"wp-block-image size-large\"><img loading=\"lazy\" decoding=\"async\" width=\"1024\" height=\"768\" data-id=\"808\" src=\"https:\/\/pele-bike.ch\/wp-content\/uploads\/2021\/03\/IMG_20210301_090402-1024x768.jpg\" alt=\"\" class=\"wp-image-808\" srcset=\"https:\/\/pele-bike.ch\/wp-content\/uploads\/2021\/03\/IMG_20210301_090402-1024x768.jpg 1024w, https:\/\/pele-bike.ch\/wp-content\/uploads\/2021\/03\/IMG_20210301_090402-300x225.jpg 300w, https:\/\/pele-bike.ch\/wp-content\/uploads\/2021\/03\/IMG_20210301_090402-768x576.jpg 768w, https:\/\/pele-bike.ch\/wp-content\/uploads\/2021\/03\/IMG_20210301_090402-1536x1152.jpg 1536w, https:\/\/pele-bike.ch\/wp-content\/uploads\/2021\/03\/IMG_20210301_090402-2048x1536.jpg 2048w\" sizes=\"auto, (max-width: 1024px) 100vw, 1024px\" \/><\/figure>\n\n\n\n<figure class=\"wp-block-image size-large\"><img loading=\"lazy\" decoding=\"async\" width=\"1024\" height=\"768\" data-id=\"832\" src=\"https:\/\/pele-bike.ch\/wp-content\/uploads\/2021\/03\/IMG_20210301_102445-1-1024x768.jpg\" alt=\"\" class=\"wp-image-832\" srcset=\"https:\/\/pele-bike.ch\/wp-content\/uploads\/2021\/03\/IMG_20210301_102445-1-1024x768.jpg 1024w, https:\/\/pele-bike.ch\/wp-content\/uploads\/2021\/03\/IMG_20210301_102445-1-300x225.jpg 300w, https:\/\/pele-bike.ch\/wp-content\/uploads\/2021\/03\/IMG_20210301_102445-1-768x576.jpg 768w, https:\/\/pele-bike.ch\/wp-content\/uploads\/2021\/03\/IMG_20210301_102445-1-1536x1152.jpg 1536w, https:\/\/pele-bike.ch\/wp-content\/uploads\/2021\/03\/IMG_20210301_102445-1-2048x1536.jpg 2048w\" sizes=\"auto, (max-width: 1024px) 100vw, 1024px\" \/><\/figure>\n\n\n\n<figure class=\"wp-block-image size-large\"><img loading=\"lazy\" decoding=\"async\" width=\"1024\" height=\"768\" data-id=\"829\" src=\"https:\/\/pele-bike.ch\/wp-content\/uploads\/2021\/03\/IMG_20210301_085918-2-1024x768.jpg\" alt=\"\" class=\"wp-image-829\" srcset=\"https:\/\/pele-bike.ch\/wp-content\/uploads\/2021\/03\/IMG_20210301_085918-2-1024x768.jpg 1024w, https:\/\/pele-bike.ch\/wp-content\/uploads\/2021\/03\/IMG_20210301_085918-2-300x225.jpg 300w, https:\/\/pele-bike.ch\/wp-content\/uploads\/2021\/03\/IMG_20210301_085918-2-768x576.jpg 768w, https:\/\/pele-bike.ch\/wp-content\/uploads\/2021\/03\/IMG_20210301_085918-2-1536x1152.jpg 1536w, https:\/\/pele-bike.ch\/wp-content\/uploads\/2021\/03\/IMG_20210301_085918-2-2048x1536.jpg 2048w\" sizes=\"auto, (max-width: 1024px) 100vw, 1024px\" \/><\/figure>\n<\/figure>\n\n\n\n<p class=\"has-text-align-center\"><strong>Besucht uns doch einfach mal \u2013 wir freuen uns, euch pers\u00f6nlich zu begr\u00fcssen und euch weiterzuhelfen<\/strong><\/p>\n\n\n\n<p class=\"has-text-align-center\"><mark style=\"background-color:rgba(0, 0, 0, 0)\" class=\"has-inline-color has-white-color\">Staatsstrasse 135<br>9445 Rebstein<\/mark><\/p>\n\n\n\n<p class=\"has-text-align-center\"><\/p>\n\n\n\n<p><\/p>\n\n\n\n<p><\/p>\n\n\n\n<p class=\"has-text-align-center\"><strong>Ebefalls sind wir seit 2020 stolzer Fachhandelspartner des Vereins MTB Rheintal<\/strong><\/p>\n\n\n\n<p class=\"has-text-align-center\">Der Verein MTB Rheintal vertritt als \u00fcbergeordnete Instanz die Interessen der Mountainbikerinnen und Mountainbiker im St. Galler Rheintal und im Appenzeller Vorderland. Mit vereinter Stimme soll ein kontinuierlicher und konstruktiver Dialog mit den zahlreichen Interessengruppen gepflegt werden. Es sind dies namentlich, aber nicht abschliessend: Beh\u00f6rden, Grund- und Forstbesitzer, Jagdgesellschaften, Landwirte, Natursch\u00fctzer und weitere Wegenutzer. Der Verein setzt sich f\u00fcr den Erhalt und die Neugestaltung einer attraktiven Infrastruktur f\u00fcr die verschiedenen Disziplinen des Mountainbikesports ein. Dabei wird den Bed\u00fcrfnissen der Natur sowie der weiteren Interessengruppen Rechnung getragen.<\/p>\n\n\n\n<p class=\"has-text-align-center\">Der Verein MTB Rheintal informiert regelm\u00e4ssig auf Social Media und auf dieser Website. Folge ihnen auf Facebook und Instagram und bleibe auf dem Laufenden zu allen Themen rund ums Mountainbiking im St. Galler Rheintal und dem Appenzeller Vorderland.<\/p>\n\n\n<div class=\"wp-block-image\">\n<figure class=\"aligncenter size-large\"><a href=\"https:\/\/mtbrheintal.org\/\" target=\"_blank\" rel=\"noopener\"><img loading=\"lazy\" decoding=\"async\" width=\"233\" height=\"216\" src=\"https:\/\/pele-bike.ch\/wp-content\/uploads\/2021\/03\/images.png\" alt=\"\" class=\"wp-image-846\"\/><\/a><\/figure>\n<\/div>","protected":false},"excerpt":{"rendered":"<p class=\"excerpt\">Bei uns findest du eine vielf\u00e4ltige Auswahl an E-Bikes f\u00fcr jeden Einsatzbereich. Ebenso f\u00fchren wir im Sortiment sportliche MTB`s und Gravelbikes, komfortable Tourenr\u00e4der und hochwertige Kinderr\u00e4der \u2013 f\u00fcr jedes Bed\u00fcrfnis das passende Velo. Neben hochwertigen Fahrr\u00e4dern f\u00fchren wir auch eine gro\u00dfe Auswahl an praktischen Kinderanh\u00e4ngern von Thule und Croozer, stabilen Fahrradtr\u00e4gern, Helmen und weiterem Zubeh\u00f6r \u2013 alles rund ums Fahrrad.&hellip; <a href=\"https:\/\/pele-bike.ch\/?page_id=2\">Read more &rarr;<\/a><\/p>\n","protected":false},"author":1,"featured_media":0,"parent":0,"menu_order":0,"comment_status":"closed","ping_status":"closed","template":"","meta":{"footnotes":""},"class_list":["post-2","page","type-page","status-publish","hentry","xfolkentry"],"_links":{"self":[{"href":"https:\/\/pele-bike.ch\/index.php?rest_route=\/wp\/v2\/pages\/2","targetHints":{"allow":["GET"]}}],"collection":[{"href":"https:\/\/pele-bike.ch\/index.php?rest_route=\/wp\/v2\/pages"}],"about":[{"href":"https:\/\/pele-bike.ch\/index.php?rest_route=\/wp\/v2\/types\/page"}],"author":[{"embeddable":true,"href":"https:\/\/pele-bike.ch\/index.php?rest_route=\/wp\/v2\/users\/1"}],"replies":[{"embeddable":true,"href":"https:\/\/pele-bike.ch\/index.php?rest_route=%2Fwp%2Fv2%2Fcomments&post=2"}],"version-history":[{"count":73,"href":"https:\/\/pele-bike.ch\/index.php?rest_route=\/wp\/v2\/pages\/2\/revisions"}],"predecessor-version":[{"id":1295,"href":"https:\/\/pele-bike.ch\/index.php?rest_route=\/wp\/v2\/pages\/2\/revisions\/1295"}],"wp:attachment":[{"href":"https:\/\/pele-bike.ch\/index.php?rest_route=%2Fwp%2Fv2%2Fmedia&parent=2"}],"curies":[{"name":"wp","href":"https:\/\/api.w.org\/{rel}","templated":true}]}}