{"id":23,"date":"2015-02-13T15:40:44","date_gmt":"2015-02-13T15:40:44","guid":{"rendered":"http:\/\/pelebike.cyon.link\/pelebike\/?page_id=23"},"modified":"2022-03-04T07:39:08","modified_gmt":"2022-03-04T07:39:08","slug":"ausstellung","status":"publish","type":"page","link":"https:\/\/pele-bike.ch\/?page_id=23","title":{"rendered":"Marken"},"content":{"rendered":"\n<div class=\"wp-block-media-text alignwide\" style=\"grid-template-columns:37% auto\"><figure class=\"wp-block-media-text__media\"><img loading=\"lazy\" decoding=\"async\" width=\"478\" height=\"105\" src=\"https:\/\/www.pele-bike.ch\/wp-content\/uploads\/2017\/04\/imgres.jpg\" alt=\"\" class=\"wp-image-162\" srcset=\"https:\/\/pele-bike.ch\/wp-content\/uploads\/2017\/04\/imgres.jpg 478w, https:\/\/pele-bike.ch\/wp-content\/uploads\/2017\/04\/imgres-300x66.jpg 300w\" sizes=\"auto, (max-width: 478px) 100vw, 478px\" \/><\/figure><div class=\"wp-block-media-text__content\">\n<p>\n\nStevens ist einer der f\u00fchrenden Fahrradhersteller mit Sitz in Hamburg. Die Modellpalette umfasst Renn- und Cyclocrossr\u00e4der, Trekking- und Citybikes, Mountainbikes, egal ob Hardtail oder Fully und E-City- und E-Mountainbikes.\n\n<\/p>\n<\/div><\/div>\n\n\n\n<div class=\"wp-block-media-text alignwide is-stacked-on-mobile\" style=\"grid-template-columns:22% auto\"><figure class=\"wp-block-media-text__media\"><img loading=\"lazy\" decoding=\"async\" width=\"225\" height=\"225\" src=\"https:\/\/www.pele-bike.ch\/wp-content\/uploads\/2019\/10\/download.png\" alt=\"\" class=\"wp-image-511 size-full\" srcset=\"https:\/\/pele-bike.ch\/wp-content\/uploads\/2019\/10\/download.png 225w, https:\/\/pele-bike.ch\/wp-content\/uploads\/2019\/10\/download-150x150.png 150w, https:\/\/pele-bike.ch\/wp-content\/uploads\/2019\/10\/download-100x100.png 100w\" sizes=\"auto, (max-width: 225px) 100vw, 225px\" \/><\/figure><div class=\"wp-block-media-text__content\">\n<p>   Velos auf Kundenwunsch, die zu einem vern\u00fcnftigen Preis in der Schweiz zusammengebaut werden, daf\u00fcr steht die Tour de Suisse Rad. Sie existiert bereits seit 1934 und kann somit auf ein&nbsp;\u00fcber 80-j\u00e4hrige Erfahrung zur\u00fcckgreifen. Egal ob ein bequemes Cityvelo oder ein schnelles E-Bike. Wir beraten Sie gerne individuell und stellen mit Ihnen zusammen Ihr passendes Fahrrad zusammen. W\u00e4hlen Sie aus \u00fcber 40 verschieden Farben, Ihre passende Traumfarbe aus. <\/p>\n<\/div><\/div>\n\n\n\n<p><\/p>\n\n\n\n<div class=\"wp-block-media-text alignwide is-stacked-on-mobile\" style=\"grid-template-columns:25% auto\"><figure class=\"wp-block-media-text__media\"><img loading=\"lazy\" decoding=\"async\" width=\"631\" height=\"280\" src=\"https:\/\/www.pele-bike.ch\/wp-content\/uploads\/2019\/10\/cylan-1.png\" alt=\"\" class=\"wp-image-498 size-full\" srcset=\"https:\/\/pele-bike.ch\/wp-content\/uploads\/2019\/10\/cylan-1.png 631w, https:\/\/pele-bike.ch\/wp-content\/uploads\/2019\/10\/cylan-1-300x133.png 300w\" sizes=\"auto, (max-width: 631px) 100vw, 631px\" \/><\/figure><div class=\"wp-block-media-text__content\">\n<p>\n\n Ebenfalls im Sortiment f\u00fchren wir die Schweizer Marke Cylan Cycles, die voher unter dem Namen Canyon bekannt war, die ein breites Angebot vom Retrovelo bis zum E-Bike f\u00fchrt. \n\n<\/p>\n<\/div><\/div>\n\n\n\n<p><\/p>\n\n\n\n<p><\/p>\n","protected":false},"excerpt":{"rendered":"<p class=\"excerpt\">Velos auf Kundenwunsch, die zu einem vern\u00fcnftigen Preis in der Schweiz zusammengebaut werden, daf\u00fcr steht die Tour de Suisse Rad. Sie existiert bereits seit 1934 und kann somit auf ein&nbsp;\u00fcber 80-j\u00e4hrige Erfahrung zur\u00fcckgreifen. Egal ob ein bequemes Cityvelo oder ein schnelles E-Bike. Wir beraten Sie gerne individuell und stellen mit Ihnen zusammen Ihr passendes Fahrrad zusammen. W\u00e4hlen Sie aus \u00fcber&hellip; <a href=\"https:\/\/pele-bike.ch\/?page_id=23\">Read more &rarr;<\/a><\/p>\n","protected":false},"author":1,"featured_media":0,"parent":0,"menu_order":0,"comment_status":"closed","ping_status":"open","template":"","meta":{"footnotes":""},"class_list":["post-23","page","type-page","status-publish","hentry","xfolkentry"],"_links":{"self":[{"href":"https:\/\/pele-bike.ch\/index.php?rest_route=\/wp\/v2\/pages\/23","targetHints":{"allow":["GET"]}}],"collection":[{"href":"https:\/\/pele-bike.ch\/index.php?rest_route=\/wp\/v2\/pages"}],"about":[{"href":"https:\/\/pele-bike.ch\/index.php?rest_route=\/wp\/v2\/types\/page"}],"author":[{"embeddable":true,"href":"https:\/\/pele-bike.ch\/index.php?rest_route=\/wp\/v2\/users\/1"}],"replies":[{"embeddable":true,"href":"https:\/\/pele-bike.ch\/index.php?rest_route=%2Fwp%2Fv2%2Fcomments&post=23"}],"version-history":[{"count":111,"href":"https:\/\/pele-bike.ch\/index.php?rest_route=\/wp\/v2\/pages\/23\/revisions"}],"predecessor-version":[{"id":998,"href":"https:\/\/pele-bike.ch\/index.php?rest_route=\/wp\/v2\/pages\/23\/revisions\/998"}],"wp:attachment":[{"href":"https:\/\/pele-bike.ch\/index.php?rest_route=%2Fwp%2Fv2%2Fmedia&parent=23"}],"curies":[{"name":"wp","href":"https:\/\/api.w.org\/{rel}","templated":true}]}}