{"id":732,"date":"2020-12-20T12:29:30","date_gmt":"2020-12-20T12:29:30","guid":{"rendered":"https:\/\/pele-bike.ch\/?page_id=732"},"modified":"2026-02-18T15:30:32","modified_gmt":"2026-02-18T15:30:32","slug":"superior","status":"publish","type":"page","link":"https:\/\/pele-bike.ch\/?page_id=732","title":{"rendered":"Superior"},"content":{"rendered":"\n<div class=\"wp-block-columns is-layout-flex wp-container-core-columns-is-layout-9d6595d7 wp-block-columns-is-layout-flex\">\n<div class=\"wp-block-column is-layout-flow wp-block-column-is-layout-flow\" style=\"flex-basis:100%\">\n<div class=\"wp-block-group\"><div class=\"wp-block-group__inner-container is-layout-flow wp-block-group-is-layout-flow\">\n<p class=\"has-text-align-center\">Superior hat in seinen 30 Jahren einen langen Weg zur\u00fcckgelegt. Von einer kleinen Marke, die in der Tschechischen Republik gegr\u00fcndet wurde, beliefern wir heute ganz Europa und sogar Radsportler wie die Weltmeisterin Ramona Forchini. Geschichte ist sch\u00f6n, aber die Zukunft ist uns viel wichtiger. Deshalb versuchen wir st\u00e4ndig, neue Fahrr\u00e4der zu entwickeln, die dich zu deinem Traumziel bringen.<\/p>\n\n\n<div class=\"wp-block-image is-style-default\">\n<figure class=\"aligncenter size-full is-resized\"><a href=\"https:\/\/superiorbikes.com\/ch-de\" target=\"_blank\" rel=\"noopener\"><img loading=\"lazy\" decoding=\"async\" width=\"900\" height=\"500\" src=\"https:\/\/pele-bike.ch\/wp-content\/uploads\/2025\/04\/superior-bikes-logo-vector.png\" alt=\"\" class=\"wp-image-1195\" style=\"width:401px;height:auto\" srcset=\"https:\/\/pele-bike.ch\/wp-content\/uploads\/2025\/04\/superior-bikes-logo-vector.png 900w, https:\/\/pele-bike.ch\/wp-content\/uploads\/2025\/04\/superior-bikes-logo-vector-300x167.png 300w, https:\/\/pele-bike.ch\/wp-content\/uploads\/2025\/04\/superior-bikes-logo-vector-768x427.png 768w\" sizes=\"auto, (max-width: 900px) 100vw, 900px\" \/><\/a><\/figure>\n<\/div><\/div><\/div>\n<\/div>\n<\/div>\n\n\n\n<figure class=\"wp-block-gallery has-nested-images columns-default wp-block-gallery-1 is-layout-flex wp-block-gallery-is-layout-flex\">\n<figure class=\"wp-block-image size-full\"><img loading=\"lazy\" decoding=\"async\" width=\"921\" height=\"564\" data-id=\"1201\" src=\"https:\/\/pele-bike.ch\/wp-content\/uploads\/2025\/04\/801-2025-28115s-s10011-xr-9-9-gr_jpg.webp\" alt=\"\" class=\"wp-image-1201\" srcset=\"https:\/\/pele-bike.ch\/wp-content\/uploads\/2025\/04\/801-2025-28115s-s10011-xr-9-9-gr_jpg.webp 921w, https:\/\/pele-bike.ch\/wp-content\/uploads\/2025\/04\/801-2025-28115s-s10011-xr-9-9-gr_jpg-300x184.webp 300w, https:\/\/pele-bike.ch\/wp-content\/uploads\/2025\/04\/801-2025-28115s-s10011-xr-9-9-gr_jpg-768x470.webp 768w\" sizes=\"auto, (max-width: 921px) 100vw, 921px\" \/><\/figure>\n\n\n\n<figure class=\"wp-block-image size-full\"><img loading=\"lazy\" decoding=\"async\" width=\"921\" height=\"564\" data-id=\"1204\" src=\"https:\/\/pele-bike.ch\/wp-content\/uploads\/2025\/04\/my24-iblox-6-3-lowstep-touring-monoshock_jpg.webp\" alt=\"\" class=\"wp-image-1204\" srcset=\"https:\/\/pele-bike.ch\/wp-content\/uploads\/2025\/04\/my24-iblox-6-3-lowstep-touring-monoshock_jpg.webp 921w, https:\/\/pele-bike.ch\/wp-content\/uploads\/2025\/04\/my24-iblox-6-3-lowstep-touring-monoshock_jpg-300x184.webp 300w, https:\/\/pele-bike.ch\/wp-content\/uploads\/2025\/04\/my24-iblox-6-3-lowstep-touring-monoshock_jpg-768x470.webp 768w\" sizes=\"auto, (max-width: 921px) 100vw, 921px\" \/><\/figure>\n<\/figure>\n\n\n\n<figure class=\"wp-block-gallery aligncenter has-nested-images columns-0 is-cropped wp-block-gallery-2 is-layout-flex wp-block-gallery-is-layout-flex\">\n<figure class=\"wp-block-image size-full\"><img loading=\"lazy\" decoding=\"async\" width=\"921\" height=\"564\" data-id=\"1209\" src=\"https:\/\/pele-bike.ch\/wp-content\/uploads\/2025\/04\/801-2024-29204-s9202-xf-9-5-team-gloss-red-carbon_jpg.jpg\" alt=\"\" class=\"wp-image-1209\" srcset=\"https:\/\/pele-bike.ch\/wp-content\/uploads\/2025\/04\/801-2024-29204-s9202-xf-9-5-team-gloss-red-carbon_jpg.jpg 921w, https:\/\/pele-bike.ch\/wp-content\/uploads\/2025\/04\/801-2024-29204-s9202-xf-9-5-team-gloss-red-carbon_jpg-300x184.jpg 300w, https:\/\/pele-bike.ch\/wp-content\/uploads\/2025\/04\/801-2024-29204-s9202-xf-9-5-team-gloss-red-carbon_jpg-768x470.jpg 768w\" sizes=\"auto, (max-width: 921px) 100vw, 921px\" \/><\/figure>\n<\/figure>\n","protected":false},"excerpt":{"rendered":"<p class=\"excerpt\">Superior hat in seinen 30 Jahren einen langen Weg zur\u00fcckgelegt. Von einer kleinen Marke, die in der Tschechischen Republik gegr\u00fcndet wurde, beliefern wir heute ganz Europa und sogar Radsportler wie die Weltmeisterin Ramona Forchini. Geschichte ist sch\u00f6n, aber die Zukunft ist uns viel wichtiger. Deshalb versuchen wir st\u00e4ndig, neue Fahrr\u00e4der zu entwickeln, die dich zu deinem Traumziel bringen. <a href=\"https:\/\/pele-bike.ch\/?page_id=732\">Read more &rarr;<\/a><\/p>\n","protected":false},"author":3,"featured_media":0,"parent":0,"menu_order":0,"comment_status":"closed","ping_status":"closed","template":"","meta":{"footnotes":""},"class_list":["post-732","page","type-page","status-publish","hentry","xfolkentry"],"_links":{"self":[{"href":"https:\/\/pele-bike.ch\/index.php?rest_route=\/wp\/v2\/pages\/732","targetHints":{"allow":["GET"]}}],"collection":[{"href":"https:\/\/pele-bike.ch\/index.php?rest_route=\/wp\/v2\/pages"}],"about":[{"href":"https:\/\/pele-bike.ch\/index.php?rest_route=\/wp\/v2\/types\/page"}],"author":[{"embeddable":true,"href":"https:\/\/pele-bike.ch\/index.php?rest_route=\/wp\/v2\/users\/3"}],"replies":[{"embeddable":true,"href":"https:\/\/pele-bike.ch\/index.php?rest_route=%2Fwp%2Fv2%2Fcomments&post=732"}],"version-history":[{"count":31,"href":"https:\/\/pele-bike.ch\/index.php?rest_route=\/wp\/v2\/pages\/732\/revisions"}],"predecessor-version":[{"id":1341,"href":"https:\/\/pele-bike.ch\/index.php?rest_route=\/wp\/v2\/pages\/732\/revisions\/1341"}],"wp:attachment":[{"href":"https:\/\/pele-bike.ch\/index.php?rest_route=%2Fwp%2Fv2%2Fmedia&parent=732"}],"curies":[{"name":"wp","href":"https:\/\/api.w.org\/{rel}","templated":true}]}}