{"id":927,"date":"2021-03-16T19:20:22","date_gmt":"2021-03-16T19:20:22","guid":{"rendered":"https:\/\/pele-bike.ch\/?page_id=927"},"modified":"2024-07-12T11:58:09","modified_gmt":"2024-07-12T11:58:09","slug":"stevens-2","status":"publish","type":"page","link":"https:\/\/pele-bike.ch\/?page_id=927","title":{"rendered":"Stevens"},"content":{"rendered":"\n<p>STEVENS ist einer der f\u00fchrenden Fahrradhersteller Deutschlands mit Sitz in Hamburg. Unsere Modellpalette umfasst Renn-, Gravel- und Cyclocrossr\u00e4der, Trekking- und Citybikes, Mountainbikes, Pedelecs sowie Kinderr\u00e4der. STEVENS Bikes werden in \u00fcber 30 L\u00e4ndern verkauft, in Deutschland erfolgt der Vertrieb ausschlie\u00dflich \u00fcber den Fahrradfachhandel.<\/p>\n\n\n\n<p>An Produktionsstandorten in Deutschland sowie in der Europ\u00e4ischen Union werden fast alle Modelle gefertigt. In Handarbeit entstehen qualitativ hochwertige, leichte, preisattraktive und vor allem langlebige Fahrr\u00e4der. STEVENS-Einkaufsb\u00fcros in Asien und STEVENS-eigenes Personal zur Qualit\u00e4tssicherung bei Zulieferern erg\u00e4nzen unser Team in Hamburg.<\/p>\n\n\n\n<p><\/p>\n\n\n\n<h2 class=\"wp-block-heading\"><mark style=\"background-color:rgba(0, 0, 0, 0)\" class=\"has-inline-color has-white-color\">lflflf<\/mark><\/h2>\n\n\n\n<p><\/p>\n\n\n<div class=\"wp-block-image\">\n<figure class=\"aligncenter size-full\"><a href=\"https:\/\/www.stevensbikes.de\/de\/ch\/\" target=\"_blank\" rel=\"noreferrer noopener\"><img loading=\"lazy\" decoding=\"async\" width=\"601\" height=\"73\" src=\"https:\/\/pele-bike.ch\/wp-content\/uploads\/2024\/07\/Stevens.svg_.png\" alt=\"\" class=\"wp-image-1106\" srcset=\"https:\/\/pele-bike.ch\/wp-content\/uploads\/2024\/07\/Stevens.svg_.png 601w, https:\/\/pele-bike.ch\/wp-content\/uploads\/2024\/07\/Stevens.svg_-300x36.png 300w\" sizes=\"auto, (max-width: 601px) 100vw, 601px\" \/><\/a><\/figure>\n<\/div>\n\n\n<h2 class=\"wp-block-heading\"><mark style=\"background-color:rgba(0, 0, 0, 0)\" class=\"has-inline-color has-white-color\">fffff<\/mark><\/h2>\n\n\n\n<p><\/p>\n\n\n\n<figure class=\"wp-block-gallery has-nested-images columns-default is-cropped wp-block-gallery-1 is-layout-flex wp-block-gallery-is-layout-flex\">\n<figure class=\"wp-block-image size-full\"><img loading=\"lazy\" decoding=\"async\" width=\"242\" height=\"242\" data-id=\"1113\" src=\"https:\/\/pele-bike.ch\/wp-content\/uploads\/2024\/07\/Mood_1080px_MY24_E-MTB_14-28f08465-1.jpg\" alt=\"\" class=\"wp-image-1113\" srcset=\"https:\/\/pele-bike.ch\/wp-content\/uploads\/2024\/07\/Mood_1080px_MY24_E-MTB_14-28f08465-1.jpg 242w, https:\/\/pele-bike.ch\/wp-content\/uploads\/2024\/07\/Mood_1080px_MY24_E-MTB_14-28f08465-1-150x150.jpg 150w, https:\/\/pele-bike.ch\/wp-content\/uploads\/2024\/07\/Mood_1080px_MY24_E-MTB_14-28f08465-1-100x100.jpg 100w\" sizes=\"auto, (max-width: 242px) 100vw, 242px\" \/><\/figure>\n\n\n\n<figure class=\"wp-block-image size-large\"><img loading=\"lazy\" decoding=\"async\" width=\"242\" height=\"242\" data-id=\"1110\" src=\"https:\/\/pele-bike.ch\/wp-content\/uploads\/2024\/07\/Mood_1080px_MY24_E-Bike_07-f53d58c0.jpg\" alt=\"\" class=\"wp-image-1110\" srcset=\"https:\/\/pele-bike.ch\/wp-content\/uploads\/2024\/07\/Mood_1080px_MY24_E-Bike_07-f53d58c0.jpg 242w, https:\/\/pele-bike.ch\/wp-content\/uploads\/2024\/07\/Mood_1080px_MY24_E-Bike_07-f53d58c0-150x150.jpg 150w, https:\/\/pele-bike.ch\/wp-content\/uploads\/2024\/07\/Mood_1080px_MY24_E-Bike_07-f53d58c0-100x100.jpg 100w\" sizes=\"auto, (max-width: 242px) 100vw, 242px\" \/><\/figure>\n\n\n\n<figure class=\"wp-block-image size-full\"><img loading=\"lazy\" decoding=\"async\" width=\"242\" height=\"242\" data-id=\"1114\" src=\"https:\/\/pele-bike.ch\/wp-content\/uploads\/2024\/07\/Mood_1080px_MY24_E-Bike_02-816de4d8.jpg\" alt=\"\" class=\"wp-image-1114\" srcset=\"https:\/\/pele-bike.ch\/wp-content\/uploads\/2024\/07\/Mood_1080px_MY24_E-Bike_02-816de4d8.jpg 242w, https:\/\/pele-bike.ch\/wp-content\/uploads\/2024\/07\/Mood_1080px_MY24_E-Bike_02-816de4d8-150x150.jpg 150w, https:\/\/pele-bike.ch\/wp-content\/uploads\/2024\/07\/Mood_1080px_MY24_E-Bike_02-816de4d8-100x100.jpg 100w\" sizes=\"auto, (max-width: 242px) 100vw, 242px\" \/><\/figure>\n\n\n\n<figure class=\"wp-block-image size-large\"><img loading=\"lazy\" decoding=\"async\" width=\"1024\" height=\"1024\" data-id=\"1112\" src=\"https:\/\/pele-bike.ch\/wp-content\/uploads\/2024\/07\/Mood_1080px_MY24_City-Trekking_12-d7369748-1024x1024.jpg\" alt=\"\" class=\"wp-image-1112\" srcset=\"https:\/\/pele-bike.ch\/wp-content\/uploads\/2024\/07\/Mood_1080px_MY24_City-Trekking_12-d7369748-1024x1024.jpg 1024w, https:\/\/pele-bike.ch\/wp-content\/uploads\/2024\/07\/Mood_1080px_MY24_City-Trekking_12-d7369748-300x300.jpg 300w, https:\/\/pele-bike.ch\/wp-content\/uploads\/2024\/07\/Mood_1080px_MY24_City-Trekking_12-d7369748-150x150.jpg 150w, https:\/\/pele-bike.ch\/wp-content\/uploads\/2024\/07\/Mood_1080px_MY24_City-Trekking_12-d7369748-768x768.jpg 768w, https:\/\/pele-bike.ch\/wp-content\/uploads\/2024\/07\/Mood_1080px_MY24_City-Trekking_12-d7369748-100x100.jpg 100w, https:\/\/pele-bike.ch\/wp-content\/uploads\/2024\/07\/Mood_1080px_MY24_City-Trekking_12-d7369748.jpg 1080w\" sizes=\"auto, (max-width: 1024px) 100vw, 1024px\" \/><\/figure>\n<\/figure>\n","protected":false},"excerpt":{"rendered":"<p class=\"excerpt\">STEVENS ist einer der f\u00fchrenden Fahrradhersteller Deutschlands mit Sitz in Hamburg. Unsere Modellpalette umfasst Renn-, Gravel- und Cyclocrossr\u00e4der, Trekking- und Citybikes, Mountainbikes, Pedelecs sowie Kinderr\u00e4der. STEVENS Bikes werden in \u00fcber 30 L\u00e4ndern verkauft, in Deutschland erfolgt der Vertrieb ausschlie\u00dflich \u00fcber den Fahrradfachhandel. An Produktionsstandorten in Deutschland sowie in der Europ\u00e4ischen Union werden fast alle Modelle gefertigt. In Handarbeit entstehen qualitativ&hellip; <a href=\"https:\/\/pele-bike.ch\/?page_id=927\">Read more &rarr;<\/a><\/p>\n","protected":false},"author":3,"featured_media":0,"parent":0,"menu_order":0,"comment_status":"closed","ping_status":"closed","template":"","meta":{"footnotes":""},"class_list":["post-927","page","type-page","status-publish","hentry","xfolkentry"],"_links":{"self":[{"href":"https:\/\/pele-bike.ch\/index.php?rest_route=\/wp\/v2\/pages\/927","targetHints":{"allow":["GET"]}}],"collection":[{"href":"https:\/\/pele-bike.ch\/index.php?rest_route=\/wp\/v2\/pages"}],"about":[{"href":"https:\/\/pele-bike.ch\/index.php?rest_route=\/wp\/v2\/types\/page"}],"author":[{"embeddable":true,"href":"https:\/\/pele-bike.ch\/index.php?rest_route=\/wp\/v2\/users\/3"}],"replies":[{"embeddable":true,"href":"https:\/\/pele-bike.ch\/index.php?rest_route=%2Fwp%2Fv2%2Fcomments&post=927"}],"version-history":[{"count":10,"href":"https:\/\/pele-bike.ch\/index.php?rest_route=\/wp\/v2\/pages\/927\/revisions"}],"predecessor-version":[{"id":1120,"href":"https:\/\/pele-bike.ch\/index.php?rest_route=\/wp\/v2\/pages\/927\/revisions\/1120"}],"wp:attachment":[{"href":"https:\/\/pele-bike.ch\/index.php?rest_route=%2Fwp%2Fv2%2Fmedia&parent=927"}],"curies":[{"name":"wp","href":"https:\/\/api.w.org\/{rel}","templated":true}]}}